{"id":1002,"date":"2021-11-26T19:28:39","date_gmt":"2021-11-26T18:28:39","guid":{"rendered":"https:\/\/xn--fasciathrapie-ihb.com\/?page_id=1002"},"modified":"2023-09-23T21:48:52","modified_gmt":"2023-09-23T19:48:52","slug":"ito-thermie","status":"publish","type":"page","link":"https:\/\/xn--fasciathrapie-ihb.com\/index.php\/ito-thermie\/","title":{"rendered":"Ito-Thermie"},"content":{"rendered":"<p>L&#8217;<em>ito-thermie<\/em> est bas\u00e9 sur un art de gu\u00e9rison japonais unique (les moines utilisaient d\u00e9j\u00e0 des feuilles de Loquat pour soigner les malades).<\/p>\n<p>C&#8217;est une m\u00e9thode mise au point par le <strong>Docteur Kin Itsu Ito<\/strong> qui permet de chasser le froid dans le corps.<\/p>\n<p>L&#8217;<i>Ito-Thermie<\/i> r\u00e9unit \u00e0 elle seule les principes de 4 disciplines :<br \/>\nacupuncture (avec l&#8217;acupression), massage, moxibustion et aromath\u00e9rapie.<\/p>\n<p>L&#8217;encens est compos\u00e9 de plantes m\u00e9dicinales ins\u00e9r\u00e9 dans les objets m\u00e9talliques appel\u00e9 Reonki.<br \/>\nL&#8217;encens contient d&#8217;une part du c\u00e8dre et du pin qui vont aider les poumons, la gorge et toute la sph\u00e8re ORL, et d&#8217;autre part du moksa et du n\u00e9flier du Japon (Loquat). Ils ont une action anti-inflammatoire, antibact\u00e9rienne et antivirale permettant une profonde d\u00e9sintoxication du corps.<\/p>\n<p>L&#8217;<i>Ito-Thermie<\/i> concourt au r\u00e9tablissement de l&#8217;\u00e9quilibre du syst\u00e8me nerveux autonome par une stimulation du syst\u00e8me immunitaire, hormonal et digestif.<\/p>\n<p>Le massage r\u00e9alis\u00e9 avec les Reonki transmet la chaleur, c&#8217;est id\u00e9al pour chasser le froid de notre corps, surtout l&#8217;Hiver.<br \/>\nUne sensation de douceur et de chaleur envahit tout le corps au fil de la s\u00e9ance.<br \/>\nCette discipline est tr\u00e8s r\u00e9pandue au Japon et demande d&#8217;int\u00e9grer l&#8217;Ecole Japonaise pour pouvoir pratiquer<\/p>\n<p>La dur\u00e9e d&#8217;une s\u00e9ance dure de 15 \u00e0 20 minutes et se pratique sur l&#8217;int\u00e9gralit\u00e9 du corps.<\/p>\n<p>Voici les lieux et date o\u00f9 rencontrer des <em><a href=\"https:\/\/itothermienatsukashi.wordpress.com\/\">enseignants<\/a><\/em> et <a href=\"https:\/\/mu-terre.com\/ito-thermie\/\"><em>ici<\/em><\/a><\/p>\n<p>Retrouvez ici les <em><a href=\"https:\/\/fasciath\u00e9rapie.com\/index.php\/tarifs\/\">tarifs<\/a><\/em> de mes s\u00e9ances<\/p>\n<p>&nbsp;<\/p>\n<p><img fetchpriority=\"high\" decoding=\"async\" class=\"aligncenter wp-image-1096\" src=\"https:\/\/xn--fasciathrapie-ihb.com\/wp-content\/uploads\/2023\/09\/Capture-decran-2023-09-23-205031-300x300.png\" alt=\"ito-thermie\" width=\"272\" height=\"272\" srcset=\"https:\/\/xn--fasciathrapie-ihb.com\/wp-content\/uploads\/2023\/09\/Capture-decran-2023-09-23-205031-300x300.png 300w, https:\/\/xn--fasciathrapie-ihb.com\/wp-content\/uploads\/2023\/09\/Capture-decran-2023-09-23-205031-150x150.png 150w, https:\/\/xn--fasciathrapie-ihb.com\/wp-content\/uploads\/2023\/09\/Capture-decran-2023-09-23-205031-75x75.png 75w, https:\/\/xn--fasciathrapie-ihb.com\/wp-content\/uploads\/2023\/09\/Capture-decran-2023-09-23-205031.png 604w\" sizes=\"(max-width: 272px) 100vw, 272px\" \/><\/p>\n","protected":false},"excerpt":{"rendered":"<p>L&#8217;ito-thermie est bas\u00e9 sur un art de gu\u00e9rison japonais unique (les moines utilisaient d\u00e9j\u00e0 des feuilles de Loquat pour soigner les malades). C&#8217;est une m\u00e9thode mise au point par le Docteur Kin Itsu Ito qui permet de chasser le froid dans le corps. L&#8217;Ito-Thermie r\u00e9unit \u00e0 elle seule les principes de 4 disciplines : acupuncture (avec l&#8217;acupression), massage, moxibustion et aromath\u00e9rapie. L&#8217;encens est compos\u00e9 de plantes m\u00e9dicinales ins\u00e9r\u00e9 dans les objets m\u00e9talliques appel\u00e9 Reonki. L&#8217;encens contient d&#8217;une part du c\u00e8dre et du pin qui vont aider les poumons, la gorge et toute la sph\u00e8re ORL, et d&#8217;autre part du moksa et du n\u00e9flier du Japon (Loquat). Ils ont une action anti-inflammatoire, antibact\u00e9rienne et antivirale permettant une profonde d\u00e9sintoxication du corps. L&#8217;Ito-Thermie concourt au r\u00e9tablissement de l&#8217;\u00e9quilibre du syst\u00e8me nerveux autonome par une stimulation du syst\u00e8me immunitaire, hormonal et digestif. Le massage r\u00e9alis\u00e9 avec les Reonki transmet la chaleur, c&#8217;est id\u00e9al pour chasser le froid de notre corps, surtout l&#8217;Hiver. Une sensation de douceur et de chaleur envahit tout le corps au fil de la s\u00e9ance. Cette discipline est tr\u00e8s r\u00e9pandue au Japon et demande d&#8217;int\u00e9grer l&#8217;Ecole Japonaise pour pouvoir pratiquer La dur\u00e9e d&#8217;une s\u00e9ance dure de 15 \u00e0 20 minutes et se pratique sur l&#8217;int\u00e9gralit\u00e9 du corps. Voici les lieux et date o\u00f9 rencontrer des enseignants et ici Retrouvez ici les tarifs de mes s\u00e9ances &nbsp;<\/p>\n","protected":false},"author":1,"featured_media":1010,"parent":0,"menu_order":0,"comment_status":"closed","ping_status":"closed","template":"","meta":{"footnotes":""},"yoast_head":"<!-- This site is optimized with the Yoast SEO plugin v23.5 - https:\/\/yoast.com\/wordpress\/plugins\/seo\/ -->\n<title>Ito-Thermie - Lib\u00e9ration des fascias<\/title>\n<meta name=\"description\" content=\"L&#039;ito-thermie stimule le syst\u00e8me immunitaire, hormonal et digestif. Elle aide au r\u00e9tablissement de l&#039;\u00e9quilibre du syst\u00e8me nerveux autonome\" \/>\n<meta name=\"robots\" content=\"index, follow, max-snippet:-1, max-image-preview:large, max-video-preview:-1\" \/>\n<link rel=\"canonical\" href=\"https:\/\/xn--fasciathrapie-ihb.com\/index.php\/ito-thermie\/\" \/>\n<meta property=\"og:locale\" content=\"en_US\" \/>\n<meta property=\"og:type\" content=\"article\" \/>\n<meta property=\"og:title\" content=\"Ito-Thermie - Lib\u00e9ration des fascias\" \/>\n<meta property=\"og:description\" content=\"L&#039;ito-thermie stimule le syst\u00e8me immunitaire, hormonal et digestif. Elle aide au r\u00e9tablissement de l&#039;\u00e9quilibre du syst\u00e8me nerveux autonome\" \/>\n<meta property=\"og:url\" content=\"https:\/\/xn--fasciathrapie-ihb.com\/index.php\/ito-thermie\/\" \/>\n<meta property=\"og:site_name\" content=\"Lib\u00e9ration des fascias\" \/>\n<meta property=\"article:modified_time\" content=\"2023-09-23T19:48:52+00:00\" \/>\n<meta property=\"og:image\" content=\"https:\/\/xn--fasciathrapie-ihb.com\/wp-content\/uploads\/2022\/02\/IMG_3409-scaled.jpg\" \/>\n\t<meta property=\"og:image:width\" content=\"2560\" \/>\n\t<meta property=\"og:image:height\" content=\"1438\" \/>\n\t<meta property=\"og:image:type\" content=\"image\/jpeg\" \/>\n<meta name=\"twitter:card\" content=\"summary_large_image\" \/>\n<meta name=\"twitter:label1\" content=\"Est. reading time\" \/>\n\t<meta name=\"twitter:data1\" content=\"2 minutes\" \/>\n<script type=\"application\/ld+json\" class=\"yoast-schema-graph\">{\"@context\":\"https:\/\/schema.org\",\"@graph\":[{\"@type\":\"WebPage\",\"@id\":\"https:\/\/xn--fasciathrapie-ihb.com\/index.php\/ito-thermie\/\",\"url\":\"https:\/\/xn--fasciathrapie-ihb.com\/index.php\/ito-thermie\/\",\"name\":\"Ito-Thermie - Lib\u00e9ration des fascias\",\"isPartOf\":{\"@id\":\"https:\/\/xn--fasciathrapie-ihb.com\/#website\"},\"primaryImageOfPage\":{\"@id\":\"https:\/\/xn--fasciathrapie-ihb.com\/index.php\/ito-thermie\/#primaryimage\"},\"image\":{\"@id\":\"https:\/\/xn--fasciathrapie-ihb.com\/index.php\/ito-thermie\/#primaryimage\"},\"thumbnailUrl\":\"https:\/\/xn--fasciathrapie-ihb.com\/wp-content\/uploads\/2022\/02\/IMG_3409-scaled.jpg\",\"datePublished\":\"2021-11-26T18:28:39+00:00\",\"dateModified\":\"2023-09-23T19:48:52+00:00\",\"description\":\"L'ito-thermie stimule le syst\u00e8me immunitaire, hormonal et digestif. Elle aide au r\u00e9tablissement de l'\u00e9quilibre du syst\u00e8me nerveux autonome\",\"breadcrumb\":{\"@id\":\"https:\/\/xn--fasciathrapie-ihb.com\/index.php\/ito-thermie\/#breadcrumb\"},\"inLanguage\":\"en-US\",\"potentialAction\":[{\"@type\":\"ReadAction\",\"target\":[\"https:\/\/xn--fasciathrapie-ihb.com\/index.php\/ito-thermie\/\"]}]},{\"@type\":\"ImageObject\",\"inLanguage\":\"en-US\",\"@id\":\"https:\/\/xn--fasciathrapie-ihb.com\/index.php\/ito-thermie\/#primaryimage\",\"url\":\"https:\/\/xn--fasciathrapie-ihb.com\/wp-content\/uploads\/2022\/02\/IMG_3409-scaled.jpg\",\"contentUrl\":\"https:\/\/xn--fasciathrapie-ihb.com\/wp-content\/uploads\/2022\/02\/IMG_3409-scaled.jpg\",\"width\":2560,\"height\":1438,\"caption\":\"ito-thermie\"},{\"@type\":\"BreadcrumbList\",\"@id\":\"https:\/\/xn--fasciathrapie-ihb.com\/index.php\/ito-thermie\/#breadcrumb\",\"itemListElement\":[{\"@type\":\"ListItem\",\"position\":1,\"name\":\"Accueil\",\"item\":\"https:\/\/xn--fasciathrapie-ihb.com\/\"},{\"@type\":\"ListItem\",\"position\":2,\"name\":\"Ito-Thermie\"}]},{\"@type\":\"WebSite\",\"@id\":\"https:\/\/xn--fasciathrapie-ihb.com\/#website\",\"url\":\"https:\/\/xn--fasciathrapie-ihb.com\/\",\"name\":\"Lib\u00e9ration des fascias\",\"description\":\"Selon la m\u00e9thode M.E.R. de Satyarthi Peloquin\",\"potentialAction\":[{\"@type\":\"SearchAction\",\"target\":{\"@type\":\"EntryPoint\",\"urlTemplate\":\"https:\/\/xn--fasciathrapie-ihb.com\/?s={search_term_string}\"},\"query-input\":{\"@type\":\"PropertyValueSpecification\",\"valueRequired\":true,\"valueName\":\"search_term_string\"}}],\"inLanguage\":\"en-US\"}]}<\/script>\n<!-- \/ Yoast SEO plugin. -->","yoast_head_json":{"title":"Ito-Thermie - Lib\u00e9ration des fascias","description":"L'ito-thermie stimule le syst\u00e8me immunitaire, hormonal et digestif. Elle aide au r\u00e9tablissement de l'\u00e9quilibre du syst\u00e8me nerveux autonome","robots":{"index":"index","follow":"follow","max-snippet":"max-snippet:-1","max-image-preview":"max-image-preview:large","max-video-preview":"max-video-preview:-1"},"canonical":"https:\/\/xn--fasciathrapie-ihb.com\/index.php\/ito-thermie\/","og_locale":"en_US","og_type":"article","og_title":"Ito-Thermie - Lib\u00e9ration des fascias","og_description":"L'ito-thermie stimule le syst\u00e8me immunitaire, hormonal et digestif. Elle aide au r\u00e9tablissement de l'\u00e9quilibre du syst\u00e8me nerveux autonome","og_url":"https:\/\/xn--fasciathrapie-ihb.com\/index.php\/ito-thermie\/","og_site_name":"Lib\u00e9ration des fascias","article_modified_time":"2023-09-23T19:48:52+00:00","og_image":[{"width":2560,"height":1438,"url":"https:\/\/xn--fasciathrapie-ihb.com\/wp-content\/uploads\/2022\/02\/IMG_3409-scaled.jpg","type":"image\/jpeg"}],"twitter_card":"summary_large_image","twitter_misc":{"Est. reading time":"2 minutes"},"schema":{"@context":"https:\/\/schema.org","@graph":[{"@type":"WebPage","@id":"https:\/\/xn--fasciathrapie-ihb.com\/index.php\/ito-thermie\/","url":"https:\/\/xn--fasciathrapie-ihb.com\/index.php\/ito-thermie\/","name":"Ito-Thermie - Lib\u00e9ration des fascias","isPartOf":{"@id":"https:\/\/xn--fasciathrapie-ihb.com\/#website"},"primaryImageOfPage":{"@id":"https:\/\/xn--fasciathrapie-ihb.com\/index.php\/ito-thermie\/#primaryimage"},"image":{"@id":"https:\/\/xn--fasciathrapie-ihb.com\/index.php\/ito-thermie\/#primaryimage"},"thumbnailUrl":"https:\/\/xn--fasciathrapie-ihb.com\/wp-content\/uploads\/2022\/02\/IMG_3409-scaled.jpg","datePublished":"2021-11-26T18:28:39+00:00","dateModified":"2023-09-23T19:48:52+00:00","description":"L'ito-thermie stimule le syst\u00e8me immunitaire, hormonal et digestif. Elle aide au r\u00e9tablissement de l'\u00e9quilibre du syst\u00e8me nerveux autonome","breadcrumb":{"@id":"https:\/\/xn--fasciathrapie-ihb.com\/index.php\/ito-thermie\/#breadcrumb"},"inLanguage":"en-US","potentialAction":[{"@type":"ReadAction","target":["https:\/\/xn--fasciathrapie-ihb.com\/index.php\/ito-thermie\/"]}]},{"@type":"ImageObject","inLanguage":"en-US","@id":"https:\/\/xn--fasciathrapie-ihb.com\/index.php\/ito-thermie\/#primaryimage","url":"https:\/\/xn--fasciathrapie-ihb.com\/wp-content\/uploads\/2022\/02\/IMG_3409-scaled.jpg","contentUrl":"https:\/\/xn--fasciathrapie-ihb.com\/wp-content\/uploads\/2022\/02\/IMG_3409-scaled.jpg","width":2560,"height":1438,"caption":"ito-thermie"},{"@type":"BreadcrumbList","@id":"https:\/\/xn--fasciathrapie-ihb.com\/index.php\/ito-thermie\/#breadcrumb","itemListElement":[{"@type":"ListItem","position":1,"name":"Accueil","item":"https:\/\/xn--fasciathrapie-ihb.com\/"},{"@type":"ListItem","position":2,"name":"Ito-Thermie"}]},{"@type":"WebSite","@id":"https:\/\/xn--fasciathrapie-ihb.com\/#website","url":"https:\/\/xn--fasciathrapie-ihb.com\/","name":"Lib\u00e9ration des fascias","description":"Selon la m\u00e9thode M.E.R. de Satyarthi Peloquin","potentialAction":[{"@type":"SearchAction","target":{"@type":"EntryPoint","urlTemplate":"https:\/\/xn--fasciathrapie-ihb.com\/?s={search_term_string}"},"query-input":{"@type":"PropertyValueSpecification","valueRequired":true,"valueName":"search_term_string"}}],"inLanguage":"en-US"}]}},"_links":{"self":[{"href":"https:\/\/xn--fasciathrapie-ihb.com\/index.php\/wp-json\/wp\/v2\/pages\/1002"}],"collection":[{"href":"https:\/\/xn--fasciathrapie-ihb.com\/index.php\/wp-json\/wp\/v2\/pages"}],"about":[{"href":"https:\/\/xn--fasciathrapie-ihb.com\/index.php\/wp-json\/wp\/v2\/types\/page"}],"author":[{"embeddable":true,"href":"https:\/\/xn--fasciathrapie-ihb.com\/index.php\/wp-json\/wp\/v2\/users\/1"}],"replies":[{"embeddable":true,"href":"https:\/\/xn--fasciathrapie-ihb.com\/index.php\/wp-json\/wp\/v2\/comments?post=1002"}],"version-history":[{"count":11,"href":"https:\/\/xn--fasciathrapie-ihb.com\/index.php\/wp-json\/wp\/v2\/pages\/1002\/revisions"}],"predecessor-version":[{"id":1098,"href":"https:\/\/xn--fasciathrapie-ihb.com\/index.php\/wp-json\/wp\/v2\/pages\/1002\/revisions\/1098"}],"wp:featuredmedia":[{"embeddable":true,"href":"https:\/\/xn--fasciathrapie-ihb.com\/index.php\/wp-json\/wp\/v2\/media\/1010"}],"wp:attachment":[{"href":"https:\/\/xn--fasciathrapie-ihb.com\/index.php\/wp-json\/wp\/v2\/media?parent=1002"}],"curies":[{"name":"wp","href":"https:\/\/api.w.org\/{rel}","templated":true}]}}