{"id":987,"date":"2021-11-24T16:19:18","date_gmt":"2021-11-24T15:19:18","guid":{"rendered":"https:\/\/xn--fasciathrapie-ihb.com\/?page_id=987"},"modified":"2023-09-22T11:31:42","modified_gmt":"2023-09-22T09:31:42","slug":"soins","status":"publish","type":"page","link":"https:\/\/xn--fasciathrapie-ihb.com\/index.php\/soins\/","title":{"rendered":"Soins"},"content":{"rendered":"<p>Continuellement en d\u00e9veloppement, je vous propose plusieurs soins diff\u00e9rents inspir\u00e9 des m\u00e9thodes et techniques que j&#8217;ai apprises aux fils des ann\u00e9es.<\/p>\n","protected":false},"excerpt":{"rendered":"<p>Continuellement en d\u00e9veloppement, je vous propose plusieurs soins diff\u00e9rents inspir\u00e9 des m\u00e9thodes et techniques que j&#8217;ai apprises aux fils des ann\u00e9es.<\/p>\n","protected":false},"author":1,"featured_media":89,"parent":0,"menu_order":0,"comment_status":"closed","ping_status":"closed","template":"","meta":{"footnotes":""},"yoast_head":"<!-- This site is optimized with the Yoast SEO plugin v23.5 - https:\/\/yoast.com\/wordpress\/plugins\/seo\/ -->\n<title>Soins - Lib\u00e9ration des fascias<\/title>\n<meta name=\"robots\" content=\"index, follow, max-snippet:-1, max-image-preview:large, max-video-preview:-1\" \/>\n<link rel=\"canonical\" href=\"https:\/\/xn--fasciathrapie-ihb.com\/index.php\/soins\/\" \/>\n<meta property=\"og:locale\" content=\"en_US\" \/>\n<meta property=\"og:type\" content=\"article\" \/>\n<meta property=\"og:title\" content=\"Soins - Lib\u00e9ration des fascias\" \/>\n<meta property=\"og:description\" content=\"Continuellement en d\u00e9veloppement, je vous propose plusieurs soins diff\u00e9rents inspir\u00e9 des m\u00e9thodes et techniques que j&#8217;ai apprises aux fils des ann\u00e9es.\" \/>\n<meta property=\"og:url\" content=\"https:\/\/xn--fasciathrapie-ihb.com\/index.php\/soins\/\" \/>\n<meta property=\"og:site_name\" content=\"Lib\u00e9ration des fascias\" \/>\n<meta property=\"article:modified_time\" content=\"2023-09-22T09:31:42+00:00\" \/>\n<meta property=\"og:image\" content=\"https:\/\/xn--fasciathrapie-ihb.com\/wp-content\/uploads\/2021\/05\/01b.jpg\" \/>\n\t<meta property=\"og:image:width\" content=\"2000\" \/>\n\t<meta property=\"og:image:height\" content=\"1125\" \/>\n\t<meta property=\"og:image:type\" content=\"image\/jpeg\" \/>\n<meta name=\"twitter:card\" content=\"summary_large_image\" \/>\n<meta name=\"twitter:label1\" content=\"Est. reading time\" \/>\n\t<meta name=\"twitter:data1\" content=\"1 minute\" \/>\n<script type=\"application\/ld+json\" class=\"yoast-schema-graph\">{\"@context\":\"https:\/\/schema.org\",\"@graph\":[{\"@type\":\"WebPage\",\"@id\":\"https:\/\/xn--fasciathrapie-ihb.com\/index.php\/soins\/\",\"url\":\"https:\/\/xn--fasciathrapie-ihb.com\/index.php\/soins\/\",\"name\":\"Soins - Lib\u00e9ration des fascias\",\"isPartOf\":{\"@id\":\"https:\/\/xn--fasciathrapie-ihb.com\/#website\"},\"primaryImageOfPage\":{\"@id\":\"https:\/\/xn--fasciathrapie-ihb.com\/index.php\/soins\/#primaryimage\"},\"image\":{\"@id\":\"https:\/\/xn--fasciathrapie-ihb.com\/index.php\/soins\/#primaryimage\"},\"thumbnailUrl\":\"https:\/\/xn--fasciathrapie-ihb.com\/wp-content\/uploads\/2021\/05\/01b.jpg\",\"datePublished\":\"2021-11-24T15:19:18+00:00\",\"dateModified\":\"2023-09-22T09:31:42+00:00\",\"breadcrumb\":{\"@id\":\"https:\/\/xn--fasciathrapie-ihb.com\/index.php\/soins\/#breadcrumb\"},\"inLanguage\":\"en-US\",\"potentialAction\":[{\"@type\":\"ReadAction\",\"target\":[\"https:\/\/xn--fasciathrapie-ihb.com\/index.php\/soins\/\"]}]},{\"@type\":\"ImageObject\",\"inLanguage\":\"en-US\",\"@id\":\"https:\/\/xn--fasciathrapie-ihb.com\/index.php\/soins\/#primaryimage\",\"url\":\"https:\/\/xn--fasciathrapie-ihb.com\/wp-content\/uploads\/2021\/05\/01b.jpg\",\"contentUrl\":\"https:\/\/xn--fasciathrapie-ihb.com\/wp-content\/uploads\/2021\/05\/01b.jpg\",\"width\":2000,\"height\":1125,\"caption\":\"soins\"},{\"@type\":\"BreadcrumbList\",\"@id\":\"https:\/\/xn--fasciathrapie-ihb.com\/index.php\/soins\/#breadcrumb\",\"itemListElement\":[{\"@type\":\"ListItem\",\"position\":1,\"name\":\"Accueil\",\"item\":\"https:\/\/xn--fasciathrapie-ihb.com\/\"},{\"@type\":\"ListItem\",\"position\":2,\"name\":\"Soins\"}]},{\"@type\":\"WebSite\",\"@id\":\"https:\/\/xn--fasciathrapie-ihb.com\/#website\",\"url\":\"https:\/\/xn--fasciathrapie-ihb.com\/\",\"name\":\"Lib\u00e9ration des fascias\",\"description\":\"Selon la m\u00e9thode M.E.R. de Satyarthi Peloquin\",\"potentialAction\":[{\"@type\":\"SearchAction\",\"target\":{\"@type\":\"EntryPoint\",\"urlTemplate\":\"https:\/\/xn--fasciathrapie-ihb.com\/?s={search_term_string}\"},\"query-input\":{\"@type\":\"PropertyValueSpecification\",\"valueRequired\":true,\"valueName\":\"search_term_string\"}}],\"inLanguage\":\"en-US\"}]}<\/script>\n<!-- \/ Yoast SEO plugin. -->","yoast_head_json":{"title":"Soins - Lib\u00e9ration des fascias","robots":{"index":"index","follow":"follow","max-snippet":"max-snippet:-1","max-image-preview":"max-image-preview:large","max-video-preview":"max-video-preview:-1"},"canonical":"https:\/\/xn--fasciathrapie-ihb.com\/index.php\/soins\/","og_locale":"en_US","og_type":"article","og_title":"Soins - Lib\u00e9ration des fascias","og_description":"Continuellement en d\u00e9veloppement, je vous propose plusieurs soins diff\u00e9rents inspir\u00e9 des m\u00e9thodes et techniques que j&#8217;ai apprises aux fils des ann\u00e9es.","og_url":"https:\/\/xn--fasciathrapie-ihb.com\/index.php\/soins\/","og_site_name":"Lib\u00e9ration des fascias","article_modified_time":"2023-09-22T09:31:42+00:00","og_image":[{"width":2000,"height":1125,"url":"https:\/\/xn--fasciathrapie-ihb.com\/wp-content\/uploads\/2021\/05\/01b.jpg","type":"image\/jpeg"}],"twitter_card":"summary_large_image","twitter_misc":{"Est. reading time":"1 minute"},"schema":{"@context":"https:\/\/schema.org","@graph":[{"@type":"WebPage","@id":"https:\/\/xn--fasciathrapie-ihb.com\/index.php\/soins\/","url":"https:\/\/xn--fasciathrapie-ihb.com\/index.php\/soins\/","name":"Soins - Lib\u00e9ration des fascias","isPartOf":{"@id":"https:\/\/xn--fasciathrapie-ihb.com\/#website"},"primaryImageOfPage":{"@id":"https:\/\/xn--fasciathrapie-ihb.com\/index.php\/soins\/#primaryimage"},"image":{"@id":"https:\/\/xn--fasciathrapie-ihb.com\/index.php\/soins\/#primaryimage"},"thumbnailUrl":"https:\/\/xn--fasciathrapie-ihb.com\/wp-content\/uploads\/2021\/05\/01b.jpg","datePublished":"2021-11-24T15:19:18+00:00","dateModified":"2023-09-22T09:31:42+00:00","breadcrumb":{"@id":"https:\/\/xn--fasciathrapie-ihb.com\/index.php\/soins\/#breadcrumb"},"inLanguage":"en-US","potentialAction":[{"@type":"ReadAction","target":["https:\/\/xn--fasciathrapie-ihb.com\/index.php\/soins\/"]}]},{"@type":"ImageObject","inLanguage":"en-US","@id":"https:\/\/xn--fasciathrapie-ihb.com\/index.php\/soins\/#primaryimage","url":"https:\/\/xn--fasciathrapie-ihb.com\/wp-content\/uploads\/2021\/05\/01b.jpg","contentUrl":"https:\/\/xn--fasciathrapie-ihb.com\/wp-content\/uploads\/2021\/05\/01b.jpg","width":2000,"height":1125,"caption":"soins"},{"@type":"BreadcrumbList","@id":"https:\/\/xn--fasciathrapie-ihb.com\/index.php\/soins\/#breadcrumb","itemListElement":[{"@type":"ListItem","position":1,"name":"Accueil","item":"https:\/\/xn--fasciathrapie-ihb.com\/"},{"@type":"ListItem","position":2,"name":"Soins"}]},{"@type":"WebSite","@id":"https:\/\/xn--fasciathrapie-ihb.com\/#website","url":"https:\/\/xn--fasciathrapie-ihb.com\/","name":"Lib\u00e9ration des fascias","description":"Selon la m\u00e9thode M.E.R. de Satyarthi Peloquin","potentialAction":[{"@type":"SearchAction","target":{"@type":"EntryPoint","urlTemplate":"https:\/\/xn--fasciathrapie-ihb.com\/?s={search_term_string}"},"query-input":{"@type":"PropertyValueSpecification","valueRequired":true,"valueName":"search_term_string"}}],"inLanguage":"en-US"}]}},"_links":{"self":[{"href":"https:\/\/xn--fasciathrapie-ihb.com\/index.php\/wp-json\/wp\/v2\/pages\/987"}],"collection":[{"href":"https:\/\/xn--fasciathrapie-ihb.com\/index.php\/wp-json\/wp\/v2\/pages"}],"about":[{"href":"https:\/\/xn--fasciathrapie-ihb.com\/index.php\/wp-json\/wp\/v2\/types\/page"}],"author":[{"embeddable":true,"href":"https:\/\/xn--fasciathrapie-ihb.com\/index.php\/wp-json\/wp\/v2\/users\/1"}],"replies":[{"embeddable":true,"href":"https:\/\/xn--fasciathrapie-ihb.com\/index.php\/wp-json\/wp\/v2\/comments?post=987"}],"version-history":[{"count":7,"href":"https:\/\/xn--fasciathrapie-ihb.com\/index.php\/wp-json\/wp\/v2\/pages\/987\/revisions"}],"predecessor-version":[{"id":1018,"href":"https:\/\/xn--fasciathrapie-ihb.com\/index.php\/wp-json\/wp\/v2\/pages\/987\/revisions\/1018"}],"wp:featuredmedia":[{"embeddable":true,"href":"https:\/\/xn--fasciathrapie-ihb.com\/index.php\/wp-json\/wp\/v2\/media\/89"}],"wp:attachment":[{"href":"https:\/\/xn--fasciathrapie-ihb.com\/index.php\/wp-json\/wp\/v2\/media?parent=987"}],"curies":[{"name":"wp","href":"https:\/\/api.w.org\/{rel}","templated":true}]}}